{"id":159,"date":"2026-01-28T17:44:27","date_gmt":"2026-01-28T17:44:27","guid":{"rendered":"https:\/\/southtejo.com\/?page_id=159"},"modified":"2026-03-26T01:38:21","modified_gmt":"2026-03-26T01:38:21","slug":"portefolio","status":"publish","type":"page","link":"https:\/\/southtejo.com\/en\/portefolio\/","title":{"rendered":"Portfolio"},"content":{"rendered":"<div data-elementor-type=\"wp-page\" data-elementor-id=\"159\" class=\"elementor elementor-159\">\n\t\t\t\t<div class=\"elementor-element elementor-element-c31199c e-flex e-con-boxed e-con e-parent\" data-id=\"c31199c\" data-element_type=\"container\">\n\t\t\t\t\t<div class=\"e-con-inner\">\n\t\t\t\t<div class=\"elementor-element elementor-element-b134d50 elementor-widget elementor-widget-heading\" data-id=\"b134d50\" data-element_type=\"widget\" data-widget_type=\"heading.default\">\n\t\t\t\t\t<h2 class=\"elementor-heading-title elementor-size-default\">Portfolio<\/h2>\t\t\t\t<\/div>\n\t\t\t\t<div class=\"elementor-element elementor-element-3b93279 elementor-widget elementor-widget-text-editor\" data-id=\"3b93279\" data-element_type=\"widget\" data-widget_type=\"text-editor.default\">\n\t\t\t\t\t\t\t\t\t<p><strong>Some projects have been developed for real clients, customised for each business.<\/strong><\/p>\t\t\t\t\t\t\t\t<\/div>\n\t\t<div class=\"elementor-element elementor-element-a7ab1ac e-con-full e-flex e-con e-child\" data-id=\"a7ab1ac\" data-element_type=\"container\">\n\t\t\t\t<div class=\"elementor-element elementor-element-182fb00 elementor-widget elementor-widget-image\" data-id=\"182fb00\" data-element_type=\"widget\" data-widget_type=\"image.default\">\n\t\t\t\t\t\t\t\t\t\t\t\t\t\t\t\t<a href=\"https:\/\/restauranteoffline.com\/\">\n\t\t\t\t\t\t\t<img fetchpriority=\"high\" decoding=\"async\" width=\"800\" height=\"592\" src=\"https:\/\/southtejo.com\/wp-content\/uploads\/2026\/03\/teste332-1024x758.png\" class=\"attachment-large size-large wp-image-374\" alt=\"\" srcset=\"https:\/\/southtejo.com\/wp-content\/uploads\/2026\/03\/teste332-1024x758.png 1024w, https:\/\/southtejo.com\/wp-content\/uploads\/2026\/03\/teste332-300x222.png 300w, https:\/\/southtejo.com\/wp-content\/uploads\/2026\/03\/teste332-768x569.png 768w, https:\/\/southtejo.com\/wp-content\/uploads\/2026\/03\/teste332-16x12.png 16w, https:\/\/southtejo.com\/wp-content\/uploads\/2026\/03\/teste332.png 1525w\" sizes=\"(max-width: 800px) 100vw, 800px\" \/>\t\t\t\t\t\t\t\t<\/a>\n\t\t\t\t\t\t\t\t\t\t\t\t\t\t\t<\/div>\n\t\t\t\t<div class=\"elementor-element elementor-element-9b78376 elementor-widget elementor-widget-text-editor\" data-id=\"9b78376\" data-element_type=\"widget\" data-widget_type=\"text-editor.default\">\n\t\t\t\t\t\t\t\t\t<p><strong data-start=\"929\" data-end=\"954\">Restaurante Offline<\/strong><br data-start=\"954\" data-end=\"957\" \/>Website moderno e otimizado para um restaurante local, com foco em convers\u00e3o, apresenta\u00e7\u00e3o visual e facilidade de contacto com clientes.<\/p>\t\t\t\t\t\t\t\t<\/div>\n\t\t\t\t<\/div>\n\t\t<div class=\"elementor-element elementor-element-c0cb244 e-con-full e-flex e-con e-child\" data-id=\"c0cb244\" data-element_type=\"container\">\n\t\t\t\t<div class=\"elementor-element elementor-element-9c87506 elementor-widget elementor-widget-image\" data-id=\"9c87506\" data-element_type=\"widget\" data-widget_type=\"image.default\">\n\t\t\t\t\t\t\t\t\t\t\t\t\t\t\t<img decoding=\"async\" width=\"800\" height=\"589\" src=\"https:\/\/southtejo.com\/wp-content\/uploads\/2026\/01\/mockup-escritorio-pai-1-1-1024x754.png\" class=\"attachment-large size-large wp-image-167\" alt=\"\" srcset=\"https:\/\/southtejo.com\/wp-content\/uploads\/2026\/01\/mockup-escritorio-pai-1-1-1024x754.png 1024w, https:\/\/southtejo.com\/wp-content\/uploads\/2026\/01\/mockup-escritorio-pai-1-1-300x221.png 300w, https:\/\/southtejo.com\/wp-content\/uploads\/2026\/01\/mockup-escritorio-pai-1-1-768x565.png 768w, https:\/\/southtejo.com\/wp-content\/uploads\/2026\/01\/mockup-escritorio-pai-1-1.png 1515w\" sizes=\"(max-width: 800px) 100vw, 800px\" \/>\t\t\t\t\t\t\t\t\t\t\t\t\t\t\t<\/div>\n\t\t\t\t<div class=\"elementor-element elementor-element-3af703d elementor-widget elementor-widget-text-editor\" data-id=\"3af703d\" data-element_type=\"widget\" data-widget_type=\"text-editor.default\">\n\t\t\t\t\t\t\t\t\t<p><strong data-start=\"722\" data-end=\"745\">RPG &amp; AMD Lawyers<\/strong><br data-start=\"745\" data-end=\"748\" \/>Corporate website<\/p>\t\t\t\t\t\t\t\t<\/div>\n\t\t\t\t<\/div>\n\t\t<div class=\"elementor-element elementor-element-d247502 e-con-full e-flex e-con e-child\" data-id=\"d247502\" data-element_type=\"container\">\n\t\t\t\t<div class=\"elementor-element elementor-element-862ee95 elementor-widget elementor-widget-image\" data-id=\"862ee95\" data-element_type=\"widget\" data-widget_type=\"image.default\">\n\t\t\t\t\t\t\t\t\t\t\t\t\t\t\t<img decoding=\"async\" width=\"800\" height=\"587\" src=\"https:\/\/southtejo.com\/wp-content\/uploads\/2026\/01\/Mock-up-guida--1024x751.png\" class=\"attachment-large size-large wp-image-168\" alt=\"\" srcset=\"https:\/\/southtejo.com\/wp-content\/uploads\/2026\/01\/Mock-up-guida--1024x751.png 1024w, https:\/\/southtejo.com\/wp-content\/uploads\/2026\/01\/Mock-up-guida--300x220.png 300w, https:\/\/southtejo.com\/wp-content\/uploads\/2026\/01\/Mock-up-guida--768x563.png 768w, https:\/\/southtejo.com\/wp-content\/uploads\/2026\/01\/Mock-up-guida-.png 1509w\" sizes=\"(max-width: 800px) 100vw, 800px\" \/>\t\t\t\t\t\t\t\t\t\t\t\t\t\t\t<\/div>\n\t\t\t\t<div class=\"elementor-element elementor-element-89dbd86 elementor-widget elementor-widget-text-editor\" data-id=\"89dbd86\" data-element_type=\"widget\" data-widget_type=\"text-editor.default\">\n\t\t\t\t\t\t\t\t\t<p data-start=\"1239\" data-end=\"1355\"><strong data-start=\"1239\" data-end=\"1273\">Physiotherapy Margarida Pereira<\/strong><br data-start=\"1273\" data-end=\"1276\" \/>Modern website for health services, with a clear and accessible digital presence.<\/p><p data-start=\"1357\" data-end=\"1415\">\u00a0<\/p>\t\t\t\t\t\t\t\t<\/div>\n\t\t\t\t<\/div>\n\t\t<div class=\"elementor-element elementor-element-af07aab e-con-full e-flex e-con e-child\" data-id=\"af07aab\" data-element_type=\"container\">\n\t\t\t\t<div class=\"elementor-element elementor-element-6709330 elementor-widget elementor-widget-image\" data-id=\"6709330\" data-element_type=\"widget\" data-widget_type=\"image.default\">\n\t\t\t\t\t\t\t\t\t\t\t\t\t\t\t<img loading=\"lazy\" decoding=\"async\" width=\"800\" height=\"595\" src=\"https:\/\/southtejo.com\/wp-content\/uploads\/2026\/01\/Mouckup-lavandaria-herdade-1024x762.png\" class=\"attachment-large size-large wp-image-169\" alt=\"\" srcset=\"https:\/\/southtejo.com\/wp-content\/uploads\/2026\/01\/Mouckup-lavandaria-herdade-1024x762.png 1024w, https:\/\/southtejo.com\/wp-content\/uploads\/2026\/01\/Mouckup-lavandaria-herdade-300x223.png 300w, https:\/\/southtejo.com\/wp-content\/uploads\/2026\/01\/Mouckup-lavandaria-herdade-768x571.png 768w, https:\/\/southtejo.com\/wp-content\/uploads\/2026\/01\/Mouckup-lavandaria-herdade.png 1518w\" sizes=\"(max-width: 800px) 100vw, 800px\" \/>\t\t\t\t\t\t\t\t\t\t\t\t\t\t\t<\/div>\n\t\t\t\t<div class=\"elementor-element elementor-element-54453e9 elementor-widget elementor-widget-text-editor\" data-id=\"54453e9\" data-element_type=\"widget\" data-widget_type=\"text-editor.default\">\n\t\t\t\t\t\t\t\t\t<p><strong data-start=\"929\" data-end=\"954\">Laundry<\/strong><br data-start=\"954\" data-end=\"957\" \/>Institutional website for a local business, with a focus on simplicity and quick contact.<\/p>\t\t\t\t\t\t\t\t<\/div>\n\t\t\t\t<\/div>\n\t\t\t\t\t<\/div>\n\t\t\t\t<\/div>\n\t\t<div class=\"elementor-element elementor-element-a7905f4 e-flex e-con-boxed e-con e-parent\" data-id=\"a7905f4\" data-element_type=\"container\">\n\t\t\t\t\t<div class=\"e-con-inner\">\n\t\t\t\t\t<\/div>\n\t\t\t\t<\/div>\n\t\t\t\t<\/div>","protected":false},"excerpt":{"rendered":"<p>Portef\u00f3lio Alguns projetos desenvolvidos para clientes reais, pensados \u00e0 medida de cada neg\u00f3cio. Restaurante OfflineWebsite moderno e otimizado para um restaurante local, com foco em convers\u00e3o, apresenta\u00e7\u00e3o visual e facilidade de contacto com clientes. RPG &amp; AMD AdvogadosWebsite institucional Fisioterapia Margarida PereiraWebsite moderno para servi\u00e7os de sa\u00fade, com presen\u00e7a digital clara e acess\u00edvel. \u00a0 Lavandaria [&hellip;]<\/p>\n","protected":false},"author":1,"featured_media":0,"parent":0,"menu_order":0,"comment_status":"closed","ping_status":"closed","template":"","meta":{"footnotes":""},"class_list":["post-159","page","type-page","status-publish","hentry"],"_hostinger_reach_plugin_has_subscription_block":false,"_hostinger_reach_plugin_is_elementor":false,"_links":{"self":[{"href":"https:\/\/southtejo.com\/en\/wp-json\/wp\/v2\/pages\/159","targetHints":{"allow":["GET"]}}],"collection":[{"href":"https:\/\/southtejo.com\/en\/wp-json\/wp\/v2\/pages"}],"about":[{"href":"https:\/\/southtejo.com\/en\/wp-json\/wp\/v2\/types\/page"}],"author":[{"embeddable":true,"href":"https:\/\/southtejo.com\/en\/wp-json\/wp\/v2\/users\/1"}],"replies":[{"embeddable":true,"href":"https:\/\/southtejo.com\/en\/wp-json\/wp\/v2\/comments?post=159"}],"version-history":[{"count":19,"href":"https:\/\/southtejo.com\/en\/wp-json\/wp\/v2\/pages\/159\/revisions"}],"predecessor-version":[{"id":384,"href":"https:\/\/southtejo.com\/en\/wp-json\/wp\/v2\/pages\/159\/revisions\/384"}],"wp:attachment":[{"href":"https:\/\/southtejo.com\/en\/wp-json\/wp\/v2\/media?parent=159"}],"curies":[{"name":"wp","href":"https:\/\/api.w.org\/{rel}","templated":true}]}}